{"id":282,"date":"2023-11-15T12:50:21","date_gmt":"2023-11-15T12:50:21","guid":{"rendered":"https:\/\/colecalatrava.es\/?page_id=282"},"modified":"2026-04-20T11:38:32","modified_gmt":"2026-04-20T11:38:32","slug":"libros-recomendados","status":"publish","type":"page","link":"https:\/\/colecalatrava.es\/?page_id=282","title":{"rendered":"LIBROS RECOMENDADOS"},"content":{"rendered":"\n<p>A partir de ahora, las recomendaciones de nuestros\/as alumnos\/as ser\u00e1n a trav\u00e9s del panel LEERFLIX que hemos situado a la entrada del edificio Calatrava. Cada quince d\u00edas, cambiaremos las recomendaciones de cada ciclo. Cada fila corresponde a un ciclo: arriba 3\u00ba ciclo, inmediatamente debajo 2\u00ba ciclo, a continuaci\u00f3n 1\u00ba ciclo y en la fila de m\u00e1s abajo E. Infantil, para que tenga un mejor acceso a la hora de verlo. Tambi\u00e9n habr\u00e1 una recomendaci\u00f3n de la biblioteca Municipal que nos enviar\u00e1 Anal\u00eda mensualmente.<\/p>\n\n\n\n<p>ABRIL 2026<\/p>\n\n\n\n<figure class=\"wp-block-image size-full is-resized\"><img loading=\"lazy\" decoding=\"async\" width=\"640\" height=\"452\" src=\"https:\/\/colecalatrava.es\/wp-content\/uploads\/2026\/04\/IMG_6840.jpg\" alt=\"\" class=\"wp-image-2338\" style=\"width:745px;height:auto\" srcset=\"https:\/\/colecalatrava.es\/wp-content\/uploads\/2026\/04\/IMG_6840.jpg 640w, https:\/\/colecalatrava.es\/wp-content\/uploads\/2026\/04\/IMG_6840-300x212.jpg 300w\" sizes=\"auto, (max-width: 640px) 100vw, 640px\" \/><\/figure>\n\n\n\n<figure class=\"wp-block-image size-full is-resized\"><img loading=\"lazy\" decoding=\"async\" width=\"640\" height=\"254\" src=\"https:\/\/colecalatrava.es\/wp-content\/uploads\/2026\/04\/IMG_6842.jpg\" alt=\"\" class=\"wp-image-2336\" style=\"width:741px;height:auto\" srcset=\"https:\/\/colecalatrava.es\/wp-content\/uploads\/2026\/04\/IMG_6842.jpg 640w, https:\/\/colecalatrava.es\/wp-content\/uploads\/2026\/04\/IMG_6842-300x119.jpg 300w\" sizes=\"auto, (max-width: 640px) 100vw, 640px\" \/><\/figure>\n\n\n\n<figure class=\"wp-block-gallery has-nested-images columns-default is-cropped wp-block-gallery-1 is-layout-flex wp-block-gallery-is-layout-flex\">\n<figure class=\"wp-block-image size-large\"><img loading=\"lazy\" decoding=\"async\" width=\"640\" height=\"318\" data-id=\"2339\" src=\"https:\/\/colecalatrava.es\/wp-content\/uploads\/2026\/04\/IMG_6841.jpg\" alt=\"\" class=\"wp-image-2339\" srcset=\"https:\/\/colecalatrava.es\/wp-content\/uploads\/2026\/04\/IMG_6841.jpg 640w, https:\/\/colecalatrava.es\/wp-content\/uploads\/2026\/04\/IMG_6841-300x149.jpg 300w\" sizes=\"auto, (max-width: 640px) 100vw, 640px\" \/><\/figure>\n<\/figure>\n\n\n\n<p>FEBRERO 2026<\/p>\n\n\n\n<figure class=\"wp-block-image size-full is-resized\"><img loading=\"lazy\" decoding=\"async\" width=\"640\" height=\"480\" src=\"https:\/\/colecalatrava.es\/wp-content\/uploads\/2026\/03\/IMG_6550.jpg\" alt=\"\" class=\"wp-image-2160\" style=\"width:838px;height:auto\" srcset=\"https:\/\/colecalatrava.es\/wp-content\/uploads\/2026\/03\/IMG_6550.jpg 640w, https:\/\/colecalatrava.es\/wp-content\/uploads\/2026\/03\/IMG_6550-300x225.jpg 300w\" sizes=\"auto, (max-width: 640px) 100vw, 640px\" \/><\/figure>\n\n\n\n<figure class=\"wp-block-image size-full is-resized\"><img loading=\"lazy\" decoding=\"async\" width=\"640\" height=\"264\" src=\"https:\/\/colecalatrava.es\/wp-content\/uploads\/2026\/03\/IMG_6552.jpg\" alt=\"\" class=\"wp-image-2159\" style=\"width:797px;height:auto\" srcset=\"https:\/\/colecalatrava.es\/wp-content\/uploads\/2026\/03\/IMG_6552.jpg 640w, https:\/\/colecalatrava.es\/wp-content\/uploads\/2026\/03\/IMG_6552-300x124.jpg 300w\" sizes=\"auto, (max-width: 640px) 100vw, 640px\" \/><\/figure>\n\n\n\n<figure class=\"wp-block-image size-full is-resized\"><img loading=\"lazy\" decoding=\"async\" width=\"640\" height=\"266\" src=\"https:\/\/colecalatrava.es\/wp-content\/uploads\/2026\/03\/IMG_6551-1.jpg\" alt=\"\" class=\"wp-image-2158\" style=\"width:799px;height:auto\" srcset=\"https:\/\/colecalatrava.es\/wp-content\/uploads\/2026\/03\/IMG_6551-1.jpg 640w, https:\/\/colecalatrava.es\/wp-content\/uploads\/2026\/03\/IMG_6551-1-300x125.jpg 300w\" sizes=\"auto, (max-width: 640px) 100vw, 640px\" \/><\/figure>\n\n\n\n<p>ENERO 2026<\/p>\n\n\n\n<figure class=\"wp-block-image size-full is-resized\"><img loading=\"lazy\" decoding=\"async\" width=\"640\" height=\"458\" src=\"https:\/\/colecalatrava.es\/wp-content\/uploads\/2026\/01\/IMG_6426.jpg\" alt=\"\" class=\"wp-image-2040\" style=\"width:811px;height:auto\" srcset=\"https:\/\/colecalatrava.es\/wp-content\/uploads\/2026\/01\/IMG_6426.jpg 640w, https:\/\/colecalatrava.es\/wp-content\/uploads\/2026\/01\/IMG_6426-300x215.jpg 300w\" sizes=\"auto, (max-width: 640px) 100vw, 640px\" \/><\/figure>\n\n\n\n<figure class=\"wp-block-image size-full\"><img loading=\"lazy\" decoding=\"async\" width=\"640\" height=\"306\" src=\"https:\/\/colecalatrava.es\/wp-content\/uploads\/2026\/01\/IMG_6427.jpg\" alt=\"\" class=\"wp-image-2039\" srcset=\"https:\/\/colecalatrava.es\/wp-content\/uploads\/2026\/01\/IMG_6427.jpg 640w, https:\/\/colecalatrava.es\/wp-content\/uploads\/2026\/01\/IMG_6427-300x143.jpg 300w\" sizes=\"auto, (max-width: 640px) 100vw, 640px\" \/><\/figure>\n\n\n\n<figure class=\"wp-block-image size-full\"><img loading=\"lazy\" decoding=\"async\" width=\"640\" height=\"232\" src=\"https:\/\/colecalatrava.es\/wp-content\/uploads\/2026\/01\/IMG_6428.jpg\" alt=\"\" class=\"wp-image-2037\" srcset=\"https:\/\/colecalatrava.es\/wp-content\/uploads\/2026\/01\/IMG_6428.jpg 640w, https:\/\/colecalatrava.es\/wp-content\/uploads\/2026\/01\/IMG_6428-300x109.jpg 300w\" sizes=\"auto, (max-width: 640px) 100vw, 640px\" \/><\/figure>\n\n\n\n<p>DICIEMBRE 2025<\/p>\n\n\n\n<figure class=\"wp-block-image size-full is-resized\"><img loading=\"lazy\" decoding=\"async\" width=\"640\" height=\"462\" src=\"https:\/\/colecalatrava.es\/wp-content\/uploads\/2025\/12\/IMG_6216.jpg\" alt=\"\" class=\"wp-image-1955\" style=\"width:840px;height:auto\" srcset=\"https:\/\/colecalatrava.es\/wp-content\/uploads\/2025\/12\/IMG_6216.jpg 640w, https:\/\/colecalatrava.es\/wp-content\/uploads\/2025\/12\/IMG_6216-300x217.jpg 300w\" sizes=\"auto, (max-width: 640px) 100vw, 640px\" \/><\/figure>\n\n\n\n<p>NOVIEMBRE 2025<\/p>\n\n\n\n<figure class=\"wp-block-image size-large\"><img loading=\"lazy\" decoding=\"async\" width=\"1024\" height=\"768\" src=\"https:\/\/colecalatrava.es\/wp-content\/uploads\/2025\/11\/IMG_6062-1-1024x768.jpg\" alt=\"\" class=\"wp-image-1856\" srcset=\"https:\/\/colecalatrava.es\/wp-content\/uploads\/2025\/11\/IMG_6062-1-1024x768.jpg 1024w, https:\/\/colecalatrava.es\/wp-content\/uploads\/2025\/11\/IMG_6062-1-300x225.jpg 300w, https:\/\/colecalatrava.es\/wp-content\/uploads\/2025\/11\/IMG_6062-1-768x576.jpg 768w, https:\/\/colecalatrava.es\/wp-content\/uploads\/2025\/11\/IMG_6062-1-1536x1152.jpg 1536w, https:\/\/colecalatrava.es\/wp-content\/uploads\/2025\/11\/IMG_6062-1-2048x1536.jpg 2048w\" sizes=\"auto, (max-width: 1024px) 100vw, 1024px\" \/><\/figure>\n\n\n\n<figure class=\"wp-block-image size-large\"><img loading=\"lazy\" decoding=\"async\" width=\"1024\" height=\"768\" src=\"https:\/\/colecalatrava.es\/wp-content\/uploads\/2025\/11\/IMG_6056-1024x768.jpg\" alt=\"\" class=\"wp-image-1852\" srcset=\"https:\/\/colecalatrava.es\/wp-content\/uploads\/2025\/11\/IMG_6056-1024x768.jpg 1024w, https:\/\/colecalatrava.es\/wp-content\/uploads\/2025\/11\/IMG_6056-300x225.jpg 300w, https:\/\/colecalatrava.es\/wp-content\/uploads\/2025\/11\/IMG_6056-768x576.jpg 768w, https:\/\/colecalatrava.es\/wp-content\/uploads\/2025\/11\/IMG_6056-1536x1152.jpg 1536w, https:\/\/colecalatrava.es\/wp-content\/uploads\/2025\/11\/IMG_6056-2048x1536.jpg 2048w\" sizes=\"auto, (max-width: 1024px) 100vw, 1024px\" \/><\/figure>\n\n\n\n\n\n<p>JUNIO 2025<\/p>\n\n\n\n<figure class=\"wp-block-image size-full\"><img loading=\"lazy\" decoding=\"async\" width=\"640\" height=\"468\" src=\"https:\/\/colecalatrava.es\/wp-content\/uploads\/2025\/06\/IMG_5391.jpg\" alt=\"\" class=\"wp-image-1701\" srcset=\"https:\/\/colecalatrava.es\/wp-content\/uploads\/2025\/06\/IMG_5391.jpg 640w, https:\/\/colecalatrava.es\/wp-content\/uploads\/2025\/06\/IMG_5391-300x219.jpg 300w\" sizes=\"auto, (max-width: 640px) 100vw, 640px\" \/><\/figure>\n\n\n\n<figure class=\"wp-block-image size-full\"><img loading=\"lazy\" decoding=\"async\" width=\"640\" height=\"302\" src=\"https:\/\/colecalatrava.es\/wp-content\/uploads\/2025\/06\/IMG_5392.jpg\" alt=\"\" class=\"wp-image-1700\" srcset=\"https:\/\/colecalatrava.es\/wp-content\/uploads\/2025\/06\/IMG_5392.jpg 640w, https:\/\/colecalatrava.es\/wp-content\/uploads\/2025\/06\/IMG_5392-300x142.jpg 300w\" sizes=\"auto, (max-width: 640px) 100vw, 640px\" \/><\/figure>\n\n\n\n<figure class=\"wp-block-image size-full\"><img loading=\"lazy\" decoding=\"async\" width=\"640\" height=\"286\" src=\"https:\/\/colecalatrava.es\/wp-content\/uploads\/2025\/06\/IMG_5393.jpg\" alt=\"\" class=\"wp-image-1699\" srcset=\"https:\/\/colecalatrava.es\/wp-content\/uploads\/2025\/06\/IMG_5393.jpg 640w, https:\/\/colecalatrava.es\/wp-content\/uploads\/2025\/06\/IMG_5393-300x134.jpg 300w\" sizes=\"auto, (max-width: 640px) 100vw, 640px\" \/><\/figure>\n\n\n\n<p>MAYO 2025<\/p>\n\n\n\n<figure class=\"wp-block-image size-full\"><img loading=\"lazy\" decoding=\"async\" width=\"640\" height=\"474\" src=\"https:\/\/colecalatrava.es\/wp-content\/uploads\/2025\/05\/IMG_5192.jpg\" alt=\"\" class=\"wp-image-1524\" srcset=\"https:\/\/colecalatrava.es\/wp-content\/uploads\/2025\/05\/IMG_5192.jpg 640w, https:\/\/colecalatrava.es\/wp-content\/uploads\/2025\/05\/IMG_5192-300x222.jpg 300w\" sizes=\"auto, (max-width: 640px) 100vw, 640px\" \/><\/figure>\n\n\n\n<figure class=\"wp-block-image size-full\"><img loading=\"lazy\" decoding=\"async\" width=\"640\" height=\"264\" src=\"https:\/\/colecalatrava.es\/wp-content\/uploads\/2025\/05\/IMG_5194.jpg\" alt=\"\" class=\"wp-image-1521\" srcset=\"https:\/\/colecalatrava.es\/wp-content\/uploads\/2025\/05\/IMG_5194.jpg 640w, https:\/\/colecalatrava.es\/wp-content\/uploads\/2025\/05\/IMG_5194-300x124.jpg 300w\" sizes=\"auto, (max-width: 640px) 100vw, 640px\" \/><\/figure>\n\n\n\n<figure class=\"wp-block-image size-full\"><img loading=\"lazy\" decoding=\"async\" width=\"640\" height=\"252\" src=\"https:\/\/colecalatrava.es\/wp-content\/uploads\/2025\/05\/IMG_5193.jpg\" alt=\"\" class=\"wp-image-1522\" srcset=\"https:\/\/colecalatrava.es\/wp-content\/uploads\/2025\/05\/IMG_5193.jpg 640w, https:\/\/colecalatrava.es\/wp-content\/uploads\/2025\/05\/IMG_5193-300x118.jpg 300w\" sizes=\"auto, (max-width: 640px) 100vw, 640px\" \/><\/figure>\n\n\n\n<p>ABRIL 2025<\/p>\n\n\n\n<figure class=\"wp-block-image size-full\"><img loading=\"lazy\" decoding=\"async\" width=\"640\" height=\"480\" src=\"https:\/\/colecalatrava.es\/wp-content\/uploads\/2025\/04\/IMG_5053.jpg\" alt=\"\" class=\"wp-image-1406\" srcset=\"https:\/\/colecalatrava.es\/wp-content\/uploads\/2025\/04\/IMG_5053.jpg 640w, https:\/\/colecalatrava.es\/wp-content\/uploads\/2025\/04\/IMG_5053-300x225.jpg 300w\" sizes=\"auto, (max-width: 640px) 100vw, 640px\" \/><\/figure>\n\n\n\n<figure class=\"wp-block-image size-full\"><img loading=\"lazy\" decoding=\"async\" width=\"640\" height=\"302\" src=\"https:\/\/colecalatrava.es\/wp-content\/uploads\/2025\/04\/IMG_5054.jpg\" alt=\"\" class=\"wp-image-1405\" srcset=\"https:\/\/colecalatrava.es\/wp-content\/uploads\/2025\/04\/IMG_5054.jpg 640w, https:\/\/colecalatrava.es\/wp-content\/uploads\/2025\/04\/IMG_5054-300x142.jpg 300w\" sizes=\"auto, (max-width: 640px) 100vw, 640px\" \/><\/figure>\n\n\n\n<figure class=\"wp-block-image size-full\"><img loading=\"lazy\" decoding=\"async\" width=\"640\" height=\"254\" src=\"https:\/\/colecalatrava.es\/wp-content\/uploads\/2025\/04\/IMG_5055.jpg\" alt=\"\" class=\"wp-image-1404\" srcset=\"https:\/\/colecalatrava.es\/wp-content\/uploads\/2025\/04\/IMG_5055.jpg 640w, https:\/\/colecalatrava.es\/wp-content\/uploads\/2025\/04\/IMG_5055-300x119.jpg 300w\" sizes=\"auto, (max-width: 640px) 100vw, 640px\" \/><\/figure>\n\n\n\n<p>MARZO 2025<\/p>\n\n\n\n<figure class=\"wp-block-image size-large\"><img loading=\"lazy\" decoding=\"async\" width=\"1024\" height=\"753\" src=\"https:\/\/colecalatrava.es\/wp-content\/uploads\/2025\/03\/IMG_4829-1024x753.jpg\" alt=\"\" class=\"wp-image-1232\" srcset=\"https:\/\/colecalatrava.es\/wp-content\/uploads\/2025\/03\/IMG_4829-1024x753.jpg 1024w, https:\/\/colecalatrava.es\/wp-content\/uploads\/2025\/03\/IMG_4829-300x221.jpg 300w, https:\/\/colecalatrava.es\/wp-content\/uploads\/2025\/03\/IMG_4829-768x565.jpg 768w, https:\/\/colecalatrava.es\/wp-content\/uploads\/2025\/03\/IMG_4829-1536x1130.jpg 1536w, https:\/\/colecalatrava.es\/wp-content\/uploads\/2025\/03\/IMG_4829.jpg 2015w\" sizes=\"auto, (max-width: 1024px) 100vw, 1024px\" \/><\/figure>\n\n\n\n<figure class=\"wp-block-image size-large\"><img loading=\"lazy\" decoding=\"async\" width=\"1024\" height=\"503\" src=\"https:\/\/colecalatrava.es\/wp-content\/uploads\/2025\/03\/IMG_4830-1024x503.jpg\" alt=\"\" class=\"wp-image-1231\" srcset=\"https:\/\/colecalatrava.es\/wp-content\/uploads\/2025\/03\/IMG_4830-1024x503.jpg 1024w, https:\/\/colecalatrava.es\/wp-content\/uploads\/2025\/03\/IMG_4830-300x147.jpg 300w, https:\/\/colecalatrava.es\/wp-content\/uploads\/2025\/03\/IMG_4830-768x378.jpg 768w, https:\/\/colecalatrava.es\/wp-content\/uploads\/2025\/03\/IMG_4830-1536x755.jpg 1536w, https:\/\/colecalatrava.es\/wp-content\/uploads\/2025\/03\/IMG_4830.jpg 2010w\" sizes=\"auto, (max-width: 1024px) 100vw, 1024px\" \/><\/figure>\n\n\n\n<figure class=\"wp-block-image size-large\"><img loading=\"lazy\" decoding=\"async\" width=\"1024\" height=\"443\" src=\"https:\/\/colecalatrava.es\/wp-content\/uploads\/2025\/03\/IMG_4831-1024x443.jpg\" alt=\"\" class=\"wp-image-1230\" srcset=\"https:\/\/colecalatrava.es\/wp-content\/uploads\/2025\/03\/IMG_4831-1024x443.jpg 1024w, https:\/\/colecalatrava.es\/wp-content\/uploads\/2025\/03\/IMG_4831-300x130.jpg 300w, https:\/\/colecalatrava.es\/wp-content\/uploads\/2025\/03\/IMG_4831-768x332.jpg 768w, https:\/\/colecalatrava.es\/wp-content\/uploads\/2025\/03\/IMG_4831-1536x664.jpg 1536w, https:\/\/colecalatrava.es\/wp-content\/uploads\/2025\/03\/IMG_4831.jpg 2015w\" sizes=\"auto, (max-width: 1024px) 100vw, 1024px\" \/><\/figure>\n\n\n\n<p>FEBRERO 2025<\/p>\n\n\n\n<figure class=\"wp-block-image size-full is-resized\"><img loading=\"lazy\" decoding=\"async\" width=\"640\" height=\"476\" src=\"https:\/\/colecalatrava.es\/wp-content\/uploads\/2025\/02\/IMG_4683.jpg\" alt=\"\" class=\"wp-image-1139\" style=\"width:840px;height:auto\" srcset=\"https:\/\/colecalatrava.es\/wp-content\/uploads\/2025\/02\/IMG_4683.jpg 640w, https:\/\/colecalatrava.es\/wp-content\/uploads\/2025\/02\/IMG_4683-300x223.jpg 300w\" sizes=\"auto, (max-width: 640px) 100vw, 640px\" \/><\/figure>\n\n\n\n<p>ABRIL 2024<\/p>\n\n\n\n<p>E. INFANTIL:<\/p>\n\n\n\n<figure class=\"wp-block-image size-large is-resized\"><img loading=\"lazy\" decoding=\"async\" width=\"988\" height=\"1024\" src=\"https:\/\/colecalatrava.es\/wp-content\/uploads\/2024\/04\/inf1-2-988x1024.jpg\" alt=\"\" class=\"wp-image-621\" style=\"width:324px;height:auto\" srcset=\"https:\/\/colecalatrava.es\/wp-content\/uploads\/2024\/04\/inf1-2-988x1024.jpg 988w, https:\/\/colecalatrava.es\/wp-content\/uploads\/2024\/04\/inf1-2-289x300.jpg 289w, https:\/\/colecalatrava.es\/wp-content\/uploads\/2024\/04\/inf1-2-768x796.jpg 768w, https:\/\/colecalatrava.es\/wp-content\/uploads\/2024\/04\/inf1-2.jpg 1067w\" sizes=\"auto, (max-width: 988px) 100vw, 988px\" \/><\/figure>\n\n\n\n<figure class=\"wp-block-image size-large is-resized\"><img loading=\"lazy\" decoding=\"async\" width=\"929\" height=\"1024\" src=\"https:\/\/colecalatrava.es\/wp-content\/uploads\/2024\/04\/inf2-1-929x1024.jpg\" alt=\"\" class=\"wp-image-622\" style=\"width:326px;height:auto\" srcset=\"https:\/\/colecalatrava.es\/wp-content\/uploads\/2024\/04\/inf2-1-929x1024.jpg 929w, https:\/\/colecalatrava.es\/wp-content\/uploads\/2024\/04\/inf2-1-272x300.jpg 272w, https:\/\/colecalatrava.es\/wp-content\/uploads\/2024\/04\/inf2-1-768x847.jpg 768w, https:\/\/colecalatrava.es\/wp-content\/uploads\/2024\/04\/inf2-1.jpg 1080w\" sizes=\"auto, (max-width: 929px) 100vw, 929px\" \/><\/figure>\n\n\n\n<figure class=\"wp-block-image size-large is-resized\"><img loading=\"lazy\" decoding=\"async\" width=\"936\" height=\"1024\" src=\"https:\/\/colecalatrava.es\/wp-content\/uploads\/2024\/04\/inf3-936x1024.jpg\" alt=\"\" class=\"wp-image-613\" style=\"width:322px;height:auto\" srcset=\"https:\/\/colecalatrava.es\/wp-content\/uploads\/2024\/04\/inf3-936x1024.jpg 936w, https:\/\/colecalatrava.es\/wp-content\/uploads\/2024\/04\/inf3-274x300.jpg 274w, https:\/\/colecalatrava.es\/wp-content\/uploads\/2024\/04\/inf3-768x840.jpg 768w, https:\/\/colecalatrava.es\/wp-content\/uploads\/2024\/04\/inf3.jpg 1058w\" sizes=\"auto, (max-width: 936px) 100vw, 936px\" \/><\/figure>\n\n\n\n<p>1\u00ba CICLO E. PRIMARIA:<\/p>\n\n\n\n<figure class=\"wp-block-image size-full is-resized\"><img loading=\"lazy\" decoding=\"async\" width=\"867\" height=\"1024\" src=\"https:\/\/colecalatrava.es\/wp-content\/uploads\/2024\/04\/image-3.jpeg\" alt=\"La imagen tiene un atributo ALT vac\u00edo; su nombre de archivo es 1c1-867x1024.jpg\" class=\"wp-image-624\" style=\"width:342px;height:auto\" srcset=\"https:\/\/colecalatrava.es\/wp-content\/uploads\/2024\/04\/image-3.jpeg 867w, https:\/\/colecalatrava.es\/wp-content\/uploads\/2024\/04\/image-3-254x300.jpeg 254w, https:\/\/colecalatrava.es\/wp-content\/uploads\/2024\/04\/image-3-768x907.jpeg 768w\" sizes=\"auto, (max-width: 867px) 100vw, 867px\" \/><\/figure>\n\n\n\n<figure class=\"wp-block-image size-large is-resized\"><img loading=\"lazy\" decoding=\"async\" width=\"842\" height=\"1024\" src=\"https:\/\/colecalatrava.es\/wp-content\/uploads\/2024\/04\/1c2-842x1024.jpg\" alt=\"\" class=\"wp-image-625\" style=\"width:315px;height:auto\" srcset=\"https:\/\/colecalatrava.es\/wp-content\/uploads\/2024\/04\/1c2-842x1024.jpg 842w, https:\/\/colecalatrava.es\/wp-content\/uploads\/2024\/04\/1c2-247x300.jpg 247w, https:\/\/colecalatrava.es\/wp-content\/uploads\/2024\/04\/1c2-768x934.jpg 768w, https:\/\/colecalatrava.es\/wp-content\/uploads\/2024\/04\/1c2.jpg 1080w\" sizes=\"auto, (max-width: 842px) 100vw, 842px\" \/><\/figure>\n\n\n\n<figure class=\"wp-block-image size-large is-resized\"><img loading=\"lazy\" decoding=\"async\" width=\"793\" height=\"1024\" src=\"https:\/\/colecalatrava.es\/wp-content\/uploads\/2024\/04\/1c3-793x1024.jpg\" alt=\"\" class=\"wp-image-626\" style=\"width:338px;height:auto\" srcset=\"https:\/\/colecalatrava.es\/wp-content\/uploads\/2024\/04\/1c3-793x1024.jpg 793w, https:\/\/colecalatrava.es\/wp-content\/uploads\/2024\/04\/1c3-232x300.jpg 232w, https:\/\/colecalatrava.es\/wp-content\/uploads\/2024\/04\/1c3-768x992.jpg 768w, https:\/\/colecalatrava.es\/wp-content\/uploads\/2024\/04\/1c3.jpg 1079w\" sizes=\"auto, (max-width: 793px) 100vw, 793px\" \/><\/figure>\n\n\n\n<p>2\u00ba CICLO:<\/p>\n\n\n\n<figure class=\"wp-block-image size-large is-resized\"><img loading=\"lazy\" decoding=\"async\" width=\"704\" height=\"1024\" src=\"https:\/\/colecalatrava.es\/wp-content\/uploads\/2024\/04\/2c1-1-704x1024.jpg\" alt=\"\" class=\"wp-image-627\" style=\"width:347px;height:auto\" srcset=\"https:\/\/colecalatrava.es\/wp-content\/uploads\/2024\/04\/2c1-1-704x1024.jpg 704w, https:\/\/colecalatrava.es\/wp-content\/uploads\/2024\/04\/2c1-1-206x300.jpg 206w, https:\/\/colecalatrava.es\/wp-content\/uploads\/2024\/04\/2c1-1-768x1116.jpg 768w, https:\/\/colecalatrava.es\/wp-content\/uploads\/2024\/04\/2c1-1-1057x1536.jpg 1057w, https:\/\/colecalatrava.es\/wp-content\/uploads\/2024\/04\/2c1-1.jpg 1080w\" sizes=\"auto, (max-width: 704px) 100vw, 704px\" \/><\/figure>\n\n\n\n<figure class=\"wp-block-image size-large is-resized\"><img loading=\"lazy\" decoding=\"async\" width=\"714\" height=\"1024\" src=\"https:\/\/colecalatrava.es\/wp-content\/uploads\/2024\/04\/2c2-714x1024.jpg\" alt=\"\" class=\"wp-image-628\" style=\"width:353px;height:auto\" srcset=\"https:\/\/colecalatrava.es\/wp-content\/uploads\/2024\/04\/2c2-714x1024.jpg 714w, https:\/\/colecalatrava.es\/wp-content\/uploads\/2024\/04\/2c2-209x300.jpg 209w, https:\/\/colecalatrava.es\/wp-content\/uploads\/2024\/04\/2c2-768x1102.jpg 768w, https:\/\/colecalatrava.es\/wp-content\/uploads\/2024\/04\/2c2-1071x1536.jpg 1071w, https:\/\/colecalatrava.es\/wp-content\/uploads\/2024\/04\/2c2.jpg 1080w\" sizes=\"auto, (max-width: 714px) 100vw, 714px\" \/><\/figure>\n\n\n\n<figure class=\"wp-block-image size-large is-resized\"><img loading=\"lazy\" decoding=\"async\" width=\"718\" height=\"1024\" src=\"https:\/\/colecalatrava.es\/wp-content\/uploads\/2024\/04\/2c3-718x1024.jpg\" alt=\"\" class=\"wp-image-629\" style=\"width:353px;height:auto\" srcset=\"https:\/\/colecalatrava.es\/wp-content\/uploads\/2024\/04\/2c3-718x1024.jpg 718w, https:\/\/colecalatrava.es\/wp-content\/uploads\/2024\/04\/2c3-210x300.jpg 210w, https:\/\/colecalatrava.es\/wp-content\/uploads\/2024\/04\/2c3-768x1095.jpg 768w, https:\/\/colecalatrava.es\/wp-content\/uploads\/2024\/04\/2c3-1077x1536.jpg 1077w, https:\/\/colecalatrava.es\/wp-content\/uploads\/2024\/04\/2c3.jpg 1080w\" sizes=\"auto, (max-width: 718px) 100vw, 718px\" \/><\/figure>\n\n\n\n<p>3\u00ba CICLO:<\/p>\n\n\n\n<figure class=\"wp-block-image size-large is-resized\"><img loading=\"lazy\" decoding=\"async\" width=\"646\" height=\"1024\" src=\"https:\/\/colecalatrava.es\/wp-content\/uploads\/2024\/04\/3c1-646x1024.jpg\" alt=\"\" class=\"wp-image-630\" style=\"width:347px;height:auto\" srcset=\"https:\/\/colecalatrava.es\/wp-content\/uploads\/2024\/04\/3c1-646x1024.jpg 646w, https:\/\/colecalatrava.es\/wp-content\/uploads\/2024\/04\/3c1-189x300.jpg 189w, https:\/\/colecalatrava.es\/wp-content\/uploads\/2024\/04\/3c1-768x1217.jpg 768w, https:\/\/colecalatrava.es\/wp-content\/uploads\/2024\/04\/3c1.jpg 769w\" sizes=\"auto, (max-width: 646px) 100vw, 646px\" \/><\/figure>\n\n\n\n<figure class=\"wp-block-image size-large is-resized\"><img loading=\"lazy\" decoding=\"async\" width=\"716\" height=\"1024\" src=\"https:\/\/colecalatrava.es\/wp-content\/uploads\/2024\/04\/3c2-716x1024.jpg\" alt=\"\" class=\"wp-image-631\" style=\"width:348px;height:auto\" srcset=\"https:\/\/colecalatrava.es\/wp-content\/uploads\/2024\/04\/3c2-716x1024.jpg 716w, https:\/\/colecalatrava.es\/wp-content\/uploads\/2024\/04\/3c2-210x300.jpg 210w, https:\/\/colecalatrava.es\/wp-content\/uploads\/2024\/04\/3c2-768x1098.jpg 768w, https:\/\/colecalatrava.es\/wp-content\/uploads\/2024\/04\/3c2.jpg 985w\" sizes=\"auto, (max-width: 716px) 100vw, 716px\" \/><\/figure>\n\n\n\n<figure class=\"wp-block-image size-large is-resized\"><img loading=\"lazy\" decoding=\"async\" width=\"668\" height=\"1024\" src=\"https:\/\/colecalatrava.es\/wp-content\/uploads\/2024\/04\/3c3-668x1024.jpg\" alt=\"\" class=\"wp-image-632\" style=\"width:344px;height:auto\" srcset=\"https:\/\/colecalatrava.es\/wp-content\/uploads\/2024\/04\/3c3-668x1024.jpg 668w, https:\/\/colecalatrava.es\/wp-content\/uploads\/2024\/04\/3c3-196x300.jpg 196w, https:\/\/colecalatrava.es\/wp-content\/uploads\/2024\/04\/3c3-768x1178.jpg 768w, https:\/\/colecalatrava.es\/wp-content\/uploads\/2024\/04\/3c3.jpg 796w\" sizes=\"auto, (max-width: 668px) 100vw, 668px\" \/><\/figure>\n","protected":false},"excerpt":{"rendered":"<p>A partir de ahora, las recomendaciones de nuestros\/as alumnos\/as ser\u00e1n a trav\u00e9s del panel LEERFLIX que hemos situado a la entrada del edificio Calatrava. Cada quince d\u00edas, cambiaremos las recomendaciones de cada ciclo. Cada fila corresponde a un ciclo: arriba 3\u00ba ciclo, inmediatamente debajo 2\u00ba ciclo, a continuaci\u00f3n 1\u00ba ciclo y en la fila de [&hellip;]<\/p>\n","protected":false},"author":1,"featured_media":0,"parent":0,"menu_order":0,"comment_status":"closed","ping_status":"closed","template":"","meta":{"footnotes":""},"class_list":["post-282","page","type-page","status-publish","hentry"],"_links":{"self":[{"href":"https:\/\/colecalatrava.es\/index.php?rest_route=\/wp\/v2\/pages\/282","targetHints":{"allow":["GET"]}}],"collection":[{"href":"https:\/\/colecalatrava.es\/index.php?rest_route=\/wp\/v2\/pages"}],"about":[{"href":"https:\/\/colecalatrava.es\/index.php?rest_route=\/wp\/v2\/types\/page"}],"author":[{"embeddable":true,"href":"https:\/\/colecalatrava.es\/index.php?rest_route=\/wp\/v2\/users\/1"}],"replies":[{"embeddable":true,"href":"https:\/\/colecalatrava.es\/index.php?rest_route=%2Fwp%2Fv2%2Fcomments&post=282"}],"version-history":[{"count":26,"href":"https:\/\/colecalatrava.es\/index.php?rest_route=\/wp\/v2\/pages\/282\/revisions"}],"predecessor-version":[{"id":2340,"href":"https:\/\/colecalatrava.es\/index.php?rest_route=\/wp\/v2\/pages\/282\/revisions\/2340"}],"wp:attachment":[{"href":"https:\/\/colecalatrava.es\/index.php?rest_route=%2Fwp%2Fv2%2Fmedia&parent=282"}],"curies":[{"name":"wp","href":"https:\/\/api.w.org\/{rel}","templated":true}]}}