{"id":2205,"date":"2026-03-23T07:58:56","date_gmt":"2026-03-23T07:58:56","guid":{"rendered":"https:\/\/colecalatrava.es\/?page_id=2205"},"modified":"2026-03-23T07:58:56","modified_gmt":"2026-03-23T07:58:56","slug":"formacion-digital","status":"publish","type":"page","link":"https:\/\/colecalatrava.es\/?page_id=2205","title":{"rendered":"FORMACI\u00d3N DIGITAL"},"content":{"rendered":"\n<p>Durante este curso, nuestro alumnado de 5\u00ba y 6\u00ba est\u00e1 participando en una formaci\u00f3n digital muy interesante, ya que les est\u00e1 ense\u00f1ando a hacer un uso responsable y seguro de redes sociales, iniciaci\u00f3n en rob\u00f3tica, &#8230; <\/p>\n\n\n\n<figure class=\"wp-block-image size-large\"><img loading=\"lazy\" decoding=\"async\" width=\"1024\" height=\"576\" src=\"https:\/\/colecalatrava.es\/wp-content\/uploads\/2026\/03\/PHOTO-2026-03-13-07-51-35-1024x576.jpg\" alt=\"\" class=\"wp-image-2201\" srcset=\"https:\/\/colecalatrava.es\/wp-content\/uploads\/2026\/03\/PHOTO-2026-03-13-07-51-35-1024x576.jpg 1024w, https:\/\/colecalatrava.es\/wp-content\/uploads\/2026\/03\/PHOTO-2026-03-13-07-51-35-300x169.jpg 300w, https:\/\/colecalatrava.es\/wp-content\/uploads\/2026\/03\/PHOTO-2026-03-13-07-51-35-768x432.jpg 768w, https:\/\/colecalatrava.es\/wp-content\/uploads\/2026\/03\/PHOTO-2026-03-13-07-51-35-1536x864.jpg 1536w, https:\/\/colecalatrava.es\/wp-content\/uploads\/2026\/03\/PHOTO-2026-03-13-07-51-35.jpg 2000w\" sizes=\"auto, (max-width: 1024px) 100vw, 1024px\" \/><\/figure>\n","protected":false},"excerpt":{"rendered":"<p>Durante este curso, nuestro alumnado de 5\u00ba y 6\u00ba est\u00e1 participando en una formaci\u00f3n digital muy interesante, ya que les est\u00e1 ense\u00f1ando a hacer un uso responsable y seguro de redes sociales, iniciaci\u00f3n en rob\u00f3tica, &#8230;<\/p>\n","protected":false},"author":1,"featured_media":2200,"parent":0,"menu_order":0,"comment_status":"closed","ping_status":"closed","template":"","meta":{"footnotes":""},"class_list":["post-2205","page","type-page","status-publish","has-post-thumbnail","hentry"],"_links":{"self":[{"href":"https:\/\/colecalatrava.es\/index.php?rest_route=\/wp\/v2\/pages\/2205","targetHints":{"allow":["GET"]}}],"collection":[{"href":"https:\/\/colecalatrava.es\/index.php?rest_route=\/wp\/v2\/pages"}],"about":[{"href":"https:\/\/colecalatrava.es\/index.php?rest_route=\/wp\/v2\/types\/page"}],"author":[{"embeddable":true,"href":"https:\/\/colecalatrava.es\/index.php?rest_route=\/wp\/v2\/users\/1"}],"replies":[{"embeddable":true,"href":"https:\/\/colecalatrava.es\/index.php?rest_route=%2Fwp%2Fv2%2Fcomments&post=2205"}],"version-history":[{"count":1,"href":"https:\/\/colecalatrava.es\/index.php?rest_route=\/wp\/v2\/pages\/2205\/revisions"}],"predecessor-version":[{"id":2207,"href":"https:\/\/colecalatrava.es\/index.php?rest_route=\/wp\/v2\/pages\/2205\/revisions\/2207"}],"wp:featuredmedia":[{"embeddable":true,"href":"https:\/\/colecalatrava.es\/index.php?rest_route=\/wp\/v2\/media\/2200"}],"wp:attachment":[{"href":"https:\/\/colecalatrava.es\/index.php?rest_route=%2Fwp%2Fv2%2Fmedia&parent=2205"}],"curies":[{"name":"wp","href":"https:\/\/api.w.org\/{rel}","templated":true}]}}