{"id":17,"date":"2021-10-15T15:31:06","date_gmt":"2021-10-15T15:31:06","guid":{"rendered":"https:\/\/colecalatrava.es\/?page_id=17"},"modified":"2024-10-30T10:41:37","modified_gmt":"2024-10-30T10:41:37","slug":"enlaces-de-interes","status":"publish","type":"page","link":"https:\/\/colecalatrava.es\/?page_id=17","title":{"rendered":"ENLACES DE INTER\u00c9S"},"content":{"rendered":"\n<p>Instalaci\u00f3n de EducamosCLM en m\u00f3vil Android:<\/p>\n\n\n\n<figure class=\"wp-block-embed is-type-video is-provider-youtube wp-block-embed-youtube wp-embed-aspect-16-9 wp-has-aspect-ratio\"><div class=\"wp-block-embed__wrapper\">\n<iframe loading=\"lazy\" title=\"Instalacio\u0301n de la aplicaci\u00f3n educamosCLM en dispositivos Android\" width=\"640\" height=\"360\" src=\"https:\/\/www.youtube.com\/embed\/aOfCn2JU8uM?feature=oembed\" frameborder=\"0\" allow=\"accelerometer; autoplay; clipboard-write; encrypted-media; gyroscope; picture-in-picture; web-share\" referrerpolicy=\"strict-origin-when-cross-origin\" allowfullscreen><\/iframe>\n<\/div><\/figure>\n\n\n\n<p>Instalaci\u00f3n EducamosCLM en m\u00f3vil Apple:<\/p>\n\n\n\n<figure class=\"wp-block-embed is-type-video is-provider-youtube wp-block-embed-youtube wp-embed-aspect-16-9 wp-has-aspect-ratio\"><div class=\"wp-block-embed__wrapper\">\n<iframe loading=\"lazy\" title=\"Instalacio\u0301n de la Aplicaci\u00f3n educamosCLM en m\u00f3viles Apple (IOS)\" width=\"640\" height=\"360\" src=\"https:\/\/www.youtube.com\/embed\/ICyvSSuRo3I?feature=oembed\" frameborder=\"0\" allow=\"accelerometer; autoplay; clipboard-write; encrypted-media; gyroscope; picture-in-picture; web-share\" referrerpolicy=\"strict-origin-when-cross-origin\" allowfullscreen><\/iframe>\n<\/div><\/figure>\n\n\n\n<p>Portal de Educaci\u00f3n de Castilla-La Mancha: <a href=\"https:\/\/www.educa.jccm.es\/es\">https:\/\/www.educa.jccm.es\/es<\/a><\/p>\n\n\n\n<p>Ayuntamiento de Daimiel: <a href=\"https:\/\/www.daimiel.es\/\">https:\/\/www.daimiel.es\/<\/a><\/p>\n\n\n\n<p>Uso seguro y saludable de las nuevas tecnolog\u00edas: <a href=\"https:\/\/www.pantallasamigas.net\/\">https:\/\/www.pantallasamigas.net\/<\/a><\/p>\n\n\n\n<p>Ministerio de Educaci\u00f3n, Formaci\u00f3n Profesional y Deportes: <a href=\"https:\/\/www.educacionyfp.gob.es\/\">https:\/\/www.educacionyfp.gob.es\/<\/a><\/p>\n\n\n\n<p>Gu\u00eda UNICEF para familias <\/p>\n\n\n\n<div data-wp-interactive=\"core\/file\" class=\"wp-block-file\"><object data-wp-bind--hidden=\"!state.hasPdfPreview\" hidden class=\"wp-block-file__embed\" data=\"https:\/\/colecalatrava.es\/wp-content\/uploads\/2024\/09\/unicef-educa-su-mayor-influencer-A5.pdf\" type=\"application\/pdf\" style=\"width:100%;height:600px\" aria-label=\"Incrustado de unicef-educa-su-mayor-influencer-A5.\"><\/object><a id=\"wp-block-file--media-3136b604-9128-4daf-ab32-166a54e99a39\" href=\"https:\/\/colecalatrava.es\/wp-content\/uploads\/2024\/09\/unicef-educa-su-mayor-influencer-A5.pdf\">unicef-educa-su-mayor-influencer-A5<\/a><a href=\"https:\/\/colecalatrava.es\/wp-content\/uploads\/2024\/09\/unicef-educa-su-mayor-influencer-A5.pdf\" class=\"wp-block-file__button wp-element-button\" download aria-describedby=\"wp-block-file--media-3136b604-9128-4daf-ab32-166a54e99a39\">Descarga<\/a><\/div>\n","protected":false},"excerpt":{"rendered":"<p>Instalaci\u00f3n de EducamosCLM en m\u00f3vil Android: Instalaci\u00f3n EducamosCLM en m\u00f3vil Apple: Portal de Educaci\u00f3n de Castilla-La Mancha: https:\/\/www.educa.jccm.es\/es Ayuntamiento de Daimiel: https:\/\/www.daimiel.es\/ Uso seguro y saludable de las nuevas tecnolog\u00edas: https:\/\/www.pantallasamigas.net\/ Ministerio de Educaci\u00f3n, Formaci\u00f3n Profesional y Deportes: https:\/\/www.educacionyfp.gob.es\/ Gu\u00eda UNICEF para familias<\/p>\n","protected":false},"author":1,"featured_media":0,"parent":0,"menu_order":0,"comment_status":"closed","ping_status":"closed","template":"","meta":{"footnotes":""},"class_list":["post-17","page","type-page","status-publish","hentry"],"_links":{"self":[{"href":"https:\/\/colecalatrava.es\/index.php?rest_route=\/wp\/v2\/pages\/17","targetHints":{"allow":["GET"]}}],"collection":[{"href":"https:\/\/colecalatrava.es\/index.php?rest_route=\/wp\/v2\/pages"}],"about":[{"href":"https:\/\/colecalatrava.es\/index.php?rest_route=\/wp\/v2\/types\/page"}],"author":[{"embeddable":true,"href":"https:\/\/colecalatrava.es\/index.php?rest_route=\/wp\/v2\/users\/1"}],"replies":[{"embeddable":true,"href":"https:\/\/colecalatrava.es\/index.php?rest_route=%2Fwp%2Fv2%2Fcomments&post=17"}],"version-history":[{"count":5,"href":"https:\/\/colecalatrava.es\/index.php?rest_route=\/wp\/v2\/pages\/17\/revisions"}],"predecessor-version":[{"id":2112,"href":"https:\/\/colecalatrava.es\/index.php?rest_route=\/wp\/v2\/pages\/17\/revisions\/2112"}],"wp:attachment":[{"href":"https:\/\/colecalatrava.es\/index.php?rest_route=%2Fwp%2Fv2%2Fmedia&parent=17"}],"curies":[{"name":"wp","href":"https:\/\/api.w.org\/{rel}","templated":true}]}}